{"id":51,"date":"2020-03-01T19:36:09","date_gmt":"2020-03-01T19:36:09","guid":{"rendered":"http:\/\/www.rentalz.com\/market-template\/?page_id=51"},"modified":"2022-09-19T21:26:26","modified_gmt":"2022-09-19T21:26:26","slug":"about","status":"publish","type":"page","link":"https:\/\/www.rentalz.com\/vacation-rentals\/mexico\/mazatlan\/about\/","title":{"rendered":"About"},"content":{"rendered":"\t\t<div data-elementor-type=\"wp-page\" data-elementor-id=\"51\" class=\"elementor elementor-51\">\n\t\t\t\t\t\t<section class=\"has_eae_slider elementor-section elementor-top-section elementor-element elementor-element-970d745 elementor-section-boxed elementor-section-height-default elementor-section-height-default\" data-eae-slider=\"74958\" data-id=\"970d745\" data-element_type=\"section\">\n\t\t\t\t\t\t<div class=\"elementor-container elementor-column-gap-default\">\n\t\t\t\t\t<div class=\"has_eae_slider elementor-column elementor-col-100 elementor-top-column elementor-element elementor-element-4edee5a\" data-eae-slider=\"72236\" data-id=\"4edee5a\" data-element_type=\"column\">\n\t\t\t<div class=\"elementor-widget-wrap elementor-element-populated\">\n\t\t\t\t\t\t<div class=\"elementor-element elementor-element-add9df3 elementor-widget elementor-widget-heading\" data-id=\"add9df3\" data-element_type=\"widget\" data-widget_type=\"heading.default\">\n\t\t\t\t<div class=\"elementor-widget-container\">\n\t\t\t\t\t<h1 class=\"elementor-heading-title elementor-size-default\">Mazatlan, Mexico<\/h1>\t\t\t\t<\/div>\n\t\t\t\t<\/div>\n\t\t\t\t\t<\/div>\n\t\t<\/div>\n\t\t\t\t\t<\/div>\n\t\t<\/section>\n\t\t\t\t<section class=\"has_eae_slider elementor-section elementor-top-section elementor-element elementor-element-cae21be elementor-section-boxed elementor-section-height-default elementor-section-height-default\" data-eae-slider=\"77017\" data-id=\"cae21be\" data-element_type=\"section\">\n\t\t\t\t\t\t<div class=\"elementor-container elementor-column-gap-default\">\n\t\t\t\t\t<div class=\"has_eae_slider elementor-column elementor-col-50 elementor-top-column elementor-element elementor-element-ae863dc\" data-eae-slider=\"35381\" data-id=\"ae863dc\" data-element_type=\"column\">\n\t\t\t<div class=\"elementor-widget-wrap elementor-element-populated\">\n\t\t\t\t\t\t<div class=\"elementor-element elementor-element-87f0be0 elementor-widget elementor-widget-text-editor\" data-id=\"87f0be0\" data-element_type=\"widget\" data-widget_type=\"text-editor.default\">\n\t\t\t\t<div class=\"elementor-widget-container\">\n\t\t\t\t\t\t\t\t\t<p>Mazatlan is a serene city on the Pacific side of Mexico. Famous for its big game fishing and beautiful beaches, this resort town is the perfect blend of action and relaxation. There is so much\u00a0<span>to see and do in the \u201cPearl of the Pacific!\u201d You can fish, swim, golf, or take a tour. Don\u2019t leave\u00a0<\/span><span>without tasting fresh, local shrimp or viewing a stunning sunset!<\/span><\/p><p>Explore Mazatlan\u2019s rich history while you\u2019re in town! Visit Historic Old Town (Centro Hist\u00f3rico) to see iconic landmarks such as Teatro \u00c1ngela Peralta and Catedral Bas\u00edlica de la Inmaculada Concepci\u00f3n. For nightlife, head to the iconic modern district Zona Dorada.<\/p>\t\t\t\t\t\t\t\t<\/div>\n\t\t\t\t<\/div>\n\t\t\t\t\t<\/div>\n\t\t<\/div>\n\t\t\t\t<div class=\"has_eae_slider elementor-column elementor-col-50 elementor-top-column elementor-element elementor-element-68111b8\" data-eae-slider=\"64272\" data-id=\"68111b8\" data-element_type=\"column\">\n\t\t\t<div class=\"elementor-widget-wrap elementor-element-populated\">\n\t\t\t\t\t\t<div class=\"elementor-element elementor-element-a15a8ad elementor-widget elementor-widget-image\" data-id=\"a15a8ad\" data-element_type=\"widget\" data-widget_type=\"image.default\">\n\t\t\t\t<div class=\"elementor-widget-container\">\n\t\t\t\t\t\t\t\t\t\t\t\t\t\t\t<img fetchpriority=\"high\" decoding=\"async\" width=\"600\" height=\"400\" src=\"https:\/\/www.rentalz.com\/vacation-rentals\/mexico\/mazatlan\/wp-content\/uploads\/sites\/243\/2022\/08\/mazatlan-600x400-1.png\" class=\"attachment-large size-large wp-image-145\" alt=\"\" srcset=\"https:\/\/www.rentalz.com\/vacation-rentals\/mexico\/mazatlan\/wp-content\/uploads\/sites\/243\/2022\/08\/mazatlan-600x400-1.png 600w, https:\/\/www.rentalz.com\/vacation-rentals\/mexico\/mazatlan\/wp-content\/uploads\/sites\/243\/2022\/08\/mazatlan-600x400-1-500x333.png 500w, https:\/\/www.rentalz.com\/vacation-rentals\/mexico\/mazatlan\/wp-content\/uploads\/sites\/243\/2022\/08\/mazatlan-600x400-1-240x160.png 240w\" sizes=\"(max-width: 600px) 100vw, 600px\" \/>\t\t\t\t\t\t\t\t\t\t\t\t\t\t\t<\/div>\n\t\t\t\t<\/div>\n\t\t\t\t\t<\/div>\n\t\t<\/div>\n\t\t\t\t\t<\/div>\n\t\t<\/section>\n\t\t\t\t<\/div>\n\t\t","protected":false},"excerpt":{"rendered":"<p>Mazatlan, Mexico Mazatlan is a serene city on the Pacific side of Mexico. Famous for its big game fishing and beautiful beaches, this resort town is the perfect blend of action and relaxation. There is so much\u00a0to see and do in the \u201cPearl of the Pacific!\u201d You can fish, swim, golf, or take a tour. [&#8230;]<\/p>\n<p><a class=\"btn btn-secondary understrap-read-more-link\" href=\"https:\/\/www.rentalz.com\/vacation-rentals\/mexico\/mazatlan\/about\/\">Read More&#8230;<span class=\"screen-reader-text\"> from About<\/span><\/a><\/p>\n","protected":false},"author":1,"featured_media":0,"parent":0,"menu_order":0,"comment_status":"closed","ping_status":"closed","template":"","meta":{"_acf_changed":false,"content-type":"","_monsterinsights_skip_tracking":false,"_monsterinsights_sitenote_active":false,"_monsterinsights_sitenote_note":"","_monsterinsights_sitenote_category":0,"footnotes":""},"class_list":["post-51","page","type-page","status-publish","hentry"],"acf":[],"_links":{"self":[{"href":"https:\/\/www.rentalz.com\/vacation-rentals\/mexico\/mazatlan\/wp-json\/wp\/v2\/pages\/51","targetHints":{"allow":["GET"]}}],"collection":[{"href":"https:\/\/www.rentalz.com\/vacation-rentals\/mexico\/mazatlan\/wp-json\/wp\/v2\/pages"}],"about":[{"href":"https:\/\/www.rentalz.com\/vacation-rentals\/mexico\/mazatlan\/wp-json\/wp\/v2\/types\/page"}],"author":[{"embeddable":true,"href":"https:\/\/www.rentalz.com\/vacation-rentals\/mexico\/mazatlan\/wp-json\/wp\/v2\/users\/1"}],"replies":[{"embeddable":true,"href":"https:\/\/www.rentalz.com\/vacation-rentals\/mexico\/mazatlan\/wp-json\/wp\/v2\/comments?post=51"}],"version-history":[{"count":0,"href":"https:\/\/www.rentalz.com\/vacation-rentals\/mexico\/mazatlan\/wp-json\/wp\/v2\/pages\/51\/revisions"}],"wp:attachment":[{"href":"https:\/\/www.rentalz.com\/vacation-rentals\/mexico\/mazatlan\/wp-json\/wp\/v2\/media?parent=51"}],"curies":[{"name":"wp","href":"https:\/\/api.w.org\/{rel}","templated":true}]}}